{"id":395,"date":"2020-07-29T12:04:13","date_gmt":"2020-07-29T12:04:13","guid":{"rendered":"https:\/\/brushcar.wpengine.com\/nos-produits\/brosses-polymousse\/"},"modified":"2020-07-29T12:04:13","modified_gmt":"2020-07-29T12:04:13","slug":"brosses-polymousse","status":"publish","type":"page","link":"https:\/\/brushcar.com\/fr\/nos-produits\/brosses-polymousse\/","title":{"rendered":"Brosses Polymousse"},"content":{"rendered":"\t\t<div data-elementor-type=\"wp-page\" data-elementor-id=\"395\" class=\"elementor elementor-395 elementor-98\" data-elementor-post-type=\"page\">\n\t\t\t\t\t\t<section class=\"elementor-section elementor-top-section elementor-element elementor-element-0d429c1 elementor-section-boxed elementor-section-height-default elementor-section-height-default\" data-id=\"0d429c1\" data-element_type=\"section\" data-settings=\"{&quot;background_background&quot;:&quot;classic&quot;}\">\n\t\t\t\t\t\t\t<div class=\"elementor-background-overlay\"><\/div>\n\t\t\t\t\t\t\t<div class=\"elementor-container elementor-column-gap-default\">\n\t\t\t\t\t<div class=\"elementor-column elementor-col-100 elementor-top-column elementor-element elementor-element-dd7035e\" data-id=\"dd7035e\" data-element_type=\"column\">\n\t\t\t<div class=\"elementor-widget-wrap elementor-element-populated\">\n\t\t\t\t\t\t<section class=\"elementor-section elementor-inner-section elementor-element elementor-element-6864757 elementor-section-boxed elementor-section-height-default elementor-section-height-default\" data-id=\"6864757\" data-element_type=\"section\">\n\t\t\t\t\t\t<div class=\"elementor-container elementor-column-gap-no\">\n\t\t\t\t\t<div class=\"elementor-column elementor-col-50 elementor-inner-column elementor-element elementor-element-c6ca4ae\" data-id=\"c6ca4ae\" data-element_type=\"column\">\n\t\t\t<div class=\"elementor-widget-wrap elementor-element-populated\">\n\t\t\t\t\t\t<div class=\"elementor-element elementor-element-69c8798 elementor-skin-slideshow elementor-widget elementor-widget-media-carousel\" data-id=\"69c8798\" data-element_type=\"widget\" data-settings=\"{&quot;skin&quot;:&quot;slideshow&quot;,&quot;centered_slides&quot;:&quot;yes&quot;,&quot;speed&quot;:800,&quot;effect&quot;:&quot;slide&quot;,&quot;autoplay&quot;:&quot;yes&quot;,&quot;autoplay_speed&quot;:5000,&quot;loop&quot;:&quot;yes&quot;,&quot;pause_on_hover&quot;:&quot;yes&quot;,&quot;pause_on_interaction&quot;:&quot;yes&quot;,&quot;space_between&quot;:{&quot;unit&quot;:&quot;px&quot;,&quot;size&quot;:10,&quot;sizes&quot;:[]},&quot;space_between_tablet&quot;:{&quot;unit&quot;:&quot;px&quot;,&quot;size&quot;:10,&quot;sizes&quot;:[]},&quot;space_between_mobile&quot;:{&quot;unit&quot;:&quot;px&quot;,&quot;size&quot;:10,&quot;sizes&quot;:[]}}\" data-widget_type=\"media-carousel.default\">\n\t\t\t\t<div class=\"elementor-widget-container\">\n\t\t\t\t\t<div class=\"elementor-swiper\">\n\t\t\t<div class=\"elementor-main-swiper swiper-container\">\n\t\t\t\t<div class=\"swiper-wrapper\">\n\t\t\t\t\t\t\t\t\t\t\t<div class=\"swiper-slide\">\n\t\t\t\t\t\t\t<a href=\"https:\/\/brushcar.com\/wp-content\/uploads\/2020\/06\/PolyFoam-Brushes-01.jpg\" data-elementor-open-lightbox=\"yes\" data-elementor-lightbox-slideshow=\"69c8798\" data-elementor-lightbox-title=\"PolyFoam Brushes 01\" data-e-action-hash=\"#elementor-action%3Aaction%3Dlightbox%26settings%3DeyJpZCI6MTQzLCJ1cmwiOiJodHRwczpcL1wvYnJ1c2hjYXIuY29tXC93cC1jb250ZW50XC91cGxvYWRzXC8yMDIwXC8wNlwvUG9seUZvYW0tQnJ1c2hlcy0wMS5qcGciLCJzbGlkZXNob3ciOiI2OWM4Nzk4In0%3D\">\t\t<div class=\"elementor-carousel-image\" role=\"img\" aria-label=\"PolyFoam Brushes 01\" style=\"background-image: url(&#039;https:\/\/brushcar.com\/wp-content\/uploads\/2020\/06\/PolyFoam-Brushes-01.jpg&#039;)\">\n\n\t\t\t\n\t\t\t\t\t<\/div>\n\t\t<\/a>\t\t\t\t\t\t<\/div>\n\t\t\t\t\t\t\t\t\t\t\t<div class=\"swiper-slide\">\n\t\t\t\t\t\t\t<a href=\"https:\/\/brushcar.com\/wp-content\/uploads\/2020\/06\/PolyFoam-Brushes-02.jpg\" data-elementor-open-lightbox=\"yes\" data-elementor-lightbox-slideshow=\"69c8798\" data-elementor-lightbox-title=\"PolyFoam Brushes 02\" data-e-action-hash=\"#elementor-action%3Aaction%3Dlightbox%26settings%3DeyJpZCI6MTQyLCJ1cmwiOiJodHRwczpcL1wvYnJ1c2hjYXIuY29tXC93cC1jb250ZW50XC91cGxvYWRzXC8yMDIwXC8wNlwvUG9seUZvYW0tQnJ1c2hlcy0wMi5qcGciLCJzbGlkZXNob3ciOiI2OWM4Nzk4In0%3D\">\t\t<div class=\"elementor-carousel-image\" role=\"img\" aria-label=\"PolyFoam Brushes 02\" style=\"background-image: url(&#039;https:\/\/brushcar.com\/wp-content\/uploads\/2020\/06\/PolyFoam-Brushes-02.jpg&#039;)\">\n\n\t\t\t\n\t\t\t\t\t<\/div>\n\t\t<\/a>\t\t\t\t\t\t<\/div>\n\t\t\t\t\t\t\t\t\t\t\t<div class=\"swiper-slide\">\n\t\t\t\t\t\t\t<a href=\"https:\/\/brushcar.com\/wp-content\/uploads\/2020\/06\/PolyFoam-Brushes-03.jpg\" data-elementor-open-lightbox=\"yes\" data-elementor-lightbox-slideshow=\"69c8798\" data-elementor-lightbox-title=\"PolyFoam Brushes 03\" data-e-action-hash=\"#elementor-action%3Aaction%3Dlightbox%26settings%3DeyJpZCI6MTQxLCJ1cmwiOiJodHRwczpcL1wvYnJ1c2hjYXIuY29tXC93cC1jb250ZW50XC91cGxvYWRzXC8yMDIwXC8wNlwvUG9seUZvYW0tQnJ1c2hlcy0wMy5qcGciLCJzbGlkZXNob3ciOiI2OWM4Nzk4In0%3D\">\t\t<div class=\"elementor-carousel-image\" role=\"img\" aria-label=\"PolyFoam Brushes 03\" style=\"background-image: url(&#039;https:\/\/brushcar.com\/wp-content\/uploads\/2020\/06\/PolyFoam-Brushes-03.jpg&#039;)\">\n\n\t\t\t\n\t\t\t\t\t<\/div>\n\t\t<\/a>\t\t\t\t\t\t<\/div>\n\t\t\t\t\t\t\t\t\t<\/div>\n\t\t\t\t\t\t\t\t\t\t\t\t\t\t\t\t\t\t\t\t\t<\/div>\n\t\t<\/div>\n\t\t\t\t<div class=\"elementor-swiper\">\n\t\t\t<div class=\"elementor-thumbnails-swiper swiper-container\">\n\t\t\t\t<div class=\"swiper-wrapper\">\n\t\t\t\t\t\t\t\t\t\t\t<div class=\"swiper-slide\">\n\t\t\t\t\t\t\t\t\t<div class=\"elementor-carousel-image\" role=\"img\" aria-label=\"PolyFoam Brushes 01\" style=\"background-image: url(&#039;https:\/\/brushcar.com\/wp-content\/uploads\/2020\/06\/PolyFoam-Brushes-01.jpg&#039;)\">\n\n\t\t\t\n\t\t\t\t\t<\/div>\n\t\t<\/a>\t\t\t\t\t\t<\/div>\n\t\t\t\t\t\t\t\t\t\t\t<div class=\"swiper-slide\">\n\t\t\t\t\t\t\t\t\t<div class=\"elementor-carousel-image\" role=\"img\" aria-label=\"PolyFoam Brushes 02\" style=\"background-image: url(&#039;https:\/\/brushcar.com\/wp-content\/uploads\/2020\/06\/PolyFoam-Brushes-02.jpg&#039;)\">\n\n\t\t\t\n\t\t\t\t\t<\/div>\n\t\t<\/a>\t\t\t\t\t\t<\/div>\n\t\t\t\t\t\t\t\t\t\t\t<div class=\"swiper-slide\">\n\t\t\t\t\t\t\t\t\t<div class=\"elementor-carousel-image\" role=\"img\" aria-label=\"PolyFoam Brushes 03\" style=\"background-image: url(&#039;https:\/\/brushcar.com\/wp-content\/uploads\/2020\/06\/PolyFoam-Brushes-03.jpg&#039;)\">\n\n\t\t\t\n\t\t\t\t\t<\/div>\n\t\t<\/a>\t\t\t\t\t\t<\/div>\n\t\t\t\t\t\t\t\t\t<\/div>\n\t\t\t\t\t\t\t\t\t\t\t\t\t\t\t\t\t\t\t\t\t<\/div>\n\t\t<\/div>\n\t\t\t\t<\/div>\n\t\t\t\t<\/div>\n\t\t\t\t\t<\/div>\n\t\t<\/div>\n\t\t\t\t<div class=\"elementor-column elementor-col-50 elementor-inner-column elementor-element elementor-element-c0f796d\" data-id=\"c0f796d\" data-element_type=\"column\" data-settings=\"{&quot;background_background&quot;:&quot;classic&quot;}\">\n\t\t\t<div class=\"elementor-widget-wrap elementor-element-populated\">\n\t\t\t\t\t\t<div class=\"elementor-element elementor-element-6e792fc elementor-widget elementor-widget-text-editor\" data-id=\"6e792fc\" data-element_type=\"widget\" data-widget_type=\"text-editor.default\">\n\t\t\t\t<div class=\"elementor-widget-container\">\n\t\t\t\t\t\t\t<p>La PolyMousse SOFTBRUSHCAR est une production originale faite \u00e0 partir de mousse en poly\u00e9thyl\u00e8ne de haute densit\u00e9 \u00e0 cellules ferm\u00e9es.<\/p>\n<p>Elle n\u2019absorbe pas l\u2019eau.<\/p>\n<p>Les caract\u00e9ristiques techniques avanc\u00e9es et la polyvalence de ce produit permettent de l\u2019installer sur tout \u00e9quipement de lavage de v\u00e9hicules sans aucune modification technique.<\/p>\n<p>La POLYMOUSSE est donc une solution tr\u00e8s rentable.<\/p>\n<p>Le profil carr\u00e9 de la POLYMOUSSE permet aux brosses de nettoyer dans tous les interstices \u00a0de la carrosserie avec une grande pr\u00e9cision.<\/p>\n<p>Gr\u00e2ce \u00e0 sa l\u00e9g\u00e8ret\u00e9, la POLYMOUSSE assure un lavage silencieux.<\/p>\n\t\t\t\t\t\t<\/div>\n\t\t\t\t<\/div>\n\t\t\t\t\t<\/div>\n\t\t<\/div>\n\t\t\t\t\t<\/div>\n\t\t<\/section>\n\t\t\t\t<div class=\"elementor-element elementor-element-956f036 elementor-align-center elementor-widget elementor-widget-button\" data-id=\"956f036\" data-element_type=\"widget\" data-widget_type=\"button.default\">\n\t\t\t\t<div class=\"elementor-widget-container\">\n\t\t\t\t\t<div class=\"elementor-button-wrapper\">\n\t\t\t<a class=\"elementor-button elementor-button-link elementor-size-lg\" href=\"\/?page_id=46\">\n\t\t\t\t\t\t<span class=\"elementor-button-content-wrapper\">\n\t\t\t\t\t\t<span class=\"elementor-button-icon elementor-align-icon-right\">\n\t\t\t\t<i aria-hidden=\"true\" class=\"fas fa-arrow-alt-circle-right\"><\/i>\t\t\t<\/span>\n\t\t\t\t\t\t<span class=\"elementor-button-text\">Nous Contacter<\/span>\n\t\t<\/span>\n\t\t\t\t\t<\/a>\n\t\t<\/div>\n\t\t\t\t<\/div>\n\t\t\t\t<\/div>\n\t\t\t\t\t<\/div>\n\t\t<\/div>\n\t\t\t\t\t<\/div>\n\t\t<\/section>\n\t\t\t\t<section class=\"elementor-section elementor-top-section elementor-element elementor-element-fcc9586 elementor-section-boxed elementor-section-height-default elementor-section-height-default\" data-id=\"fcc9586\" data-element_type=\"section\" data-settings=\"{&quot;background_background&quot;:&quot;classic&quot;}\">\n\t\t\t\t\t\t<div class=\"elementor-container elementor-column-gap-default\">\n\t\t\t\t\t<div class=\"elementor-column elementor-col-100 elementor-top-column elementor-element elementor-element-7fd58be\" data-id=\"7fd58be\" data-element_type=\"column\">\n\t\t\t<div class=\"elementor-widget-wrap elementor-element-populated\">\n\t\t\t\t\t\t<div class=\"elementor-element elementor-element-fc0d02f elementor-widget elementor-widget-heading\" data-id=\"fc0d02f\" data-element_type=\"widget\" data-widget_type=\"heading.default\">\n\t\t\t\t<div class=\"elementor-widget-container\">\n\t\t\t<h4 class=\"elementor-heading-title elementor-size-default\">Produits connexes<\/h4>\t\t<\/div>\n\t\t\t\t<\/div>\n\t\t\t\t<section class=\"elementor-section elementor-inner-section elementor-element elementor-element-6a58535 elementor-section-boxed elementor-section-height-default elementor-section-height-default\" data-id=\"6a58535\" data-element_type=\"section\">\n\t\t\t\t\t\t<div class=\"elementor-container elementor-column-gap-default\">\n\t\t\t\t\t<div class=\"make-column-clickable-elementor elementor-column elementor-col-25 elementor-inner-column elementor-element elementor-element-693a84c related-prod-item\" style=\"cursor: pointer;\" data-column-clickable=\"\/our-products\/brushes-for-hgv-trains\/\" data-column-clickable-blank=\"_self\" data-id=\"693a84c\" data-element_type=\"column\" data-settings=\"{&quot;background_background&quot;:&quot;classic&quot;}\">\n\t\t\t<div class=\"elementor-widget-wrap elementor-element-populated\">\n\t\t\t\t\t<div class=\"elementor-background-overlay\"><\/div>\n\t\t\t\t\t\t<div class=\"elementor-element elementor-element-2346dd3 elementor-widget elementor-widget-heading\" data-id=\"2346dd3\" data-element_type=\"widget\" data-widget_type=\"heading.default\">\n\t\t\t\t<div class=\"elementor-widget-container\">\n\t\t\t<h5 class=\"elementor-heading-title elementor-size-default\">Brosses Poids Lourds \/ Trains<\/h5>\t\t<\/div>\n\t\t\t\t<\/div>\n\t\t\t\t\t<\/div>\n\t\t<\/div>\n\t\t\t\t<div class=\"make-column-clickable-elementor elementor-column elementor-col-25 elementor-inner-column elementor-element elementor-element-c6056f1 related-prod-item\" style=\"cursor: pointer;\" data-column-clickable=\"\/our-products\/aluminum-tubes\/\" data-column-clickable-blank=\"_self\" data-id=\"c6056f1\" data-element_type=\"column\" data-settings=\"{&quot;background_background&quot;:&quot;classic&quot;}\">\n\t\t\t<div class=\"elementor-widget-wrap elementor-element-populated\">\n\t\t\t\t\t<div class=\"elementor-background-overlay\"><\/div>\n\t\t\t\t\t\t<div class=\"elementor-element elementor-element-f5f3fa2 elementor-widget elementor-widget-heading\" data-id=\"f5f3fa2\" data-element_type=\"widget\" data-widget_type=\"heading.default\">\n\t\t\t\t<div class=\"elementor-widget-container\">\n\t\t\t<h5 class=\"elementor-heading-title elementor-size-default\">Tubes Aluminium<\/h5>\t\t<\/div>\n\t\t\t\t<\/div>\n\t\t\t\t\t<\/div>\n\t\t<\/div>\n\t\t\t\t<div class=\"make-column-clickable-elementor elementor-column elementor-col-25 elementor-inner-column elementor-element elementor-element-bfc4251 related-prod-item\" style=\"cursor: pointer;\" data-column-clickable=\"\/our-products\/flexifill-brushes\/\" data-column-clickable-blank=\"_self\" data-id=\"bfc4251\" data-element_type=\"column\" data-settings=\"{&quot;background_background&quot;:&quot;classic&quot;}\">\n\t\t\t<div class=\"elementor-widget-wrap elementor-element-populated\">\n\t\t\t\t\t<div class=\"elementor-background-overlay\"><\/div>\n\t\t\t\t\t\t<div class=\"elementor-element elementor-element-03fc6e9 elementor-widget elementor-widget-heading\" data-id=\"03fc6e9\" data-element_type=\"widget\" data-widget_type=\"heading.default\">\n\t\t\t\t<div class=\"elementor-widget-container\">\n\t\t\t<h5 class=\"elementor-heading-title elementor-size-default\">Brosses Flexifill<\/h5>\t\t<\/div>\n\t\t\t\t<\/div>\n\t\t\t\t\t<\/div>\n\t\t<\/div>\n\t\t\t\t<div class=\"make-column-clickable-elementor elementor-column elementor-col-25 elementor-inner-column elementor-element elementor-element-dca87de related-prod-item\" style=\"cursor: pointer;\" data-column-clickable=\"\/our-products\/mixte-brushes\/\" data-column-clickable-blank=\"_self\" data-id=\"dca87de\" data-element_type=\"column\" data-settings=\"{&quot;background_background&quot;:&quot;classic&quot;}\">\n\t\t\t<div class=\"elementor-widget-wrap elementor-element-populated\">\n\t\t\t\t\t<div class=\"elementor-background-overlay\"><\/div>\n\t\t\t\t\t\t<div class=\"elementor-element elementor-element-d28f2ec elementor-widget elementor-widget-heading\" data-id=\"d28f2ec\" data-element_type=\"widget\" data-widget_type=\"heading.default\">\n\t\t\t\t<div class=\"elementor-widget-container\">\n\t\t\t<h5 class=\"elementor-heading-title elementor-size-default\">Brosses Mixtes<\/h5>\t\t<\/div>\n\t\t\t\t<\/div>\n\t\t\t\t\t<\/div>\n\t\t<\/div>\n\t\t\t\t\t<\/div>\n\t\t<\/section>\n\t\t\t\t<div class=\"elementor-element elementor-element-48d01c4 elementor-widget elementor-widget-heading\" data-id=\"48d01c4\" data-element_type=\"widget\" data-widget_type=\"heading.default\">\n\t\t\t\t<div class=\"elementor-widget-container\">\n\t\t\t<div class=\"elementor-heading-title elementor-size-default\"><a href=\"https:\/\/brushcar.com\/fr\/nos-produits\/\">Voir Tous Les Produits<\/a><\/div>\t\t<\/div>\n\t\t\t\t<\/div>\n\t\t\t\t\t<\/div>\n\t\t<\/div>\n\t\t\t\t\t<\/div>\n\t\t<\/section>\n\t\t\t\t<\/div>\n\t\t","protected":false},"excerpt":{"rendered":"<p>La PolyMousse SOFTBRUSHCAR est une production originale faite \u00e0 partir de mousse en poly\u00e9thyl\u00e8ne de haute densit\u00e9 \u00e0 cellules ferm\u00e9es. Elle n\u2019absorbe pas l\u2019eau. Les caract\u00e9ristiques techniques avanc\u00e9es et la polyvalence de ce produit permettent de l\u2019installer sur tout \u00e9quipement de lavage de v\u00e9hicules sans aucune modification technique. La POLYMOUSSE est donc une solution tr\u00e8s &hellip;<\/p>\n<p class=\"read-more\"> <a class=\"\" href=\"https:\/\/brushcar.com\/fr\/nos-produits\/brosses-polymousse\/\"> <span class=\"screen-reader-text\">Brosses Polymousse<\/span> Lire la suite\u00a0\u00bb<\/a><\/p>\n","protected":false},"author":1,"featured_media":0,"parent":379,"menu_order":0,"comment_status":"closed","ping_status":"closed","template":"","meta":{"site-sidebar-layout":"no-sidebar","site-content-layout":"page-builder","ast-global-header-display":"","ast-main-header-display":"","ast-hfb-above-header-display":"","ast-hfb-below-header-display":"","ast-hfb-mobile-header-display":"","site-post-title":"disabled","ast-breadcrumbs-content":"","ast-featured-img":"disabled","footer-sml-layout":"","theme-transparent-header-meta":"default","adv-header-id-meta":"","stick-header-meta":"","header-above-stick-meta":"","header-main-stick-meta":"","header-below-stick-meta":"","footnotes":""},"class_list":["post-395","page","type-page","status-publish","hentry"],"_links":{"self":[{"href":"https:\/\/brushcar.com\/fr\/wp-json\/wp\/v2\/pages\/395","targetHints":{"allow":["GET"]}}],"collection":[{"href":"https:\/\/brushcar.com\/fr\/wp-json\/wp\/v2\/pages"}],"about":[{"href":"https:\/\/brushcar.com\/fr\/wp-json\/wp\/v2\/types\/page"}],"author":[{"embeddable":true,"href":"https:\/\/brushcar.com\/fr\/wp-json\/wp\/v2\/users\/1"}],"replies":[{"embeddable":true,"href":"https:\/\/brushcar.com\/fr\/wp-json\/wp\/v2\/comments?post=395"}],"version-history":[{"count":0,"href":"https:\/\/brushcar.com\/fr\/wp-json\/wp\/v2\/pages\/395\/revisions"}],"up":[{"embeddable":true,"href":"https:\/\/brushcar.com\/fr\/wp-json\/wp\/v2\/pages\/379"}],"wp:attachment":[{"href":"https:\/\/brushcar.com\/fr\/wp-json\/wp\/v2\/media?parent=395"}],"curies":[{"name":"wp","href":"https:\/\/api.w.org\/{rel}","templated":true}]}}