{"id":387,"date":"2020-07-29T08:49:01","date_gmt":"2020-07-29T08:49:01","guid":{"rendered":"https:\/\/brushcar.wpengine.com\/nos-produits\/brosses-traditionnelles\/"},"modified":"2020-07-29T12:30:02","modified_gmt":"2020-07-29T12:30:02","slug":"brosses-traditionnelles","status":"publish","type":"page","link":"https:\/\/brushcar.com\/fr\/nos-produits\/brosses-traditionnelles\/","title":{"rendered":"Brosses Traditionnelles"},"content":{"rendered":"\t\t<div data-elementor-type=\"wp-page\" data-elementor-id=\"387\" class=\"elementor elementor-387 elementor-94\" data-elementor-post-type=\"page\">\n\t\t\t\t\t\t<section class=\"elementor-section elementor-top-section elementor-element elementor-element-301999d elementor-section-boxed elementor-section-height-default elementor-section-height-default\" data-id=\"301999d\" data-element_type=\"section\" data-settings=\"{&quot;background_background&quot;:&quot;classic&quot;}\">\n\t\t\t\t\t\t\t<div class=\"elementor-background-overlay\"><\/div>\n\t\t\t\t\t\t\t<div class=\"elementor-container elementor-column-gap-default\">\n\t\t\t\t\t<div class=\"elementor-column elementor-col-100 elementor-top-column elementor-element elementor-element-7e9bb70\" data-id=\"7e9bb70\" data-element_type=\"column\">\n\t\t\t<div class=\"elementor-widget-wrap elementor-element-populated\">\n\t\t\t\t\t\t<section class=\"elementor-section elementor-inner-section elementor-element elementor-element-d3b81f3 elementor-section-boxed elementor-section-height-default elementor-section-height-default\" data-id=\"d3b81f3\" data-element_type=\"section\">\n\t\t\t\t\t\t<div class=\"elementor-container elementor-column-gap-no\">\n\t\t\t\t\t<div class=\"elementor-column elementor-col-50 elementor-inner-column elementor-element elementor-element-3ec4e92\" data-id=\"3ec4e92\" data-element_type=\"column\">\n\t\t\t<div class=\"elementor-widget-wrap elementor-element-populated\">\n\t\t\t\t\t\t<div class=\"elementor-element elementor-element-21bdb79 elementor-skin-slideshow elementor-widget elementor-widget-media-carousel\" data-id=\"21bdb79\" data-element_type=\"widget\" data-settings=\"{&quot;skin&quot;:&quot;slideshow&quot;,&quot;centered_slides&quot;:&quot;yes&quot;,&quot;speed&quot;:800,&quot;effect&quot;:&quot;slide&quot;,&quot;autoplay&quot;:&quot;yes&quot;,&quot;autoplay_speed&quot;:5000,&quot;loop&quot;:&quot;yes&quot;,&quot;pause_on_hover&quot;:&quot;yes&quot;,&quot;pause_on_interaction&quot;:&quot;yes&quot;,&quot;space_between&quot;:{&quot;unit&quot;:&quot;px&quot;,&quot;size&quot;:10,&quot;sizes&quot;:[]},&quot;space_between_tablet&quot;:{&quot;unit&quot;:&quot;px&quot;,&quot;size&quot;:10,&quot;sizes&quot;:[]},&quot;space_between_mobile&quot;:{&quot;unit&quot;:&quot;px&quot;,&quot;size&quot;:10,&quot;sizes&quot;:[]}}\" data-widget_type=\"media-carousel.default\">\n\t\t\t\t<div class=\"elementor-widget-container\">\n\t\t\t\t\t<div class=\"elementor-swiper\">\n\t\t\t<div class=\"elementor-main-swiper swiper-container\">\n\t\t\t\t<div class=\"swiper-wrapper\">\n\t\t\t\t\t\t\t\t\t\t\t<div class=\"swiper-slide\">\n\t\t\t\t\t\t\t<a href=\"https:\/\/brushcar.com\/wp-content\/uploads\/2020\/06\/traditional-brushes-01.jpg\" data-elementor-open-lightbox=\"yes\" data-elementor-lightbox-slideshow=\"21bdb79\" data-elementor-lightbox-title=\"traditional brushes 01\" data-e-action-hash=\"#elementor-action%3Aaction%3Dlightbox%26settings%3DeyJpZCI6MTEzLCJ1cmwiOiJodHRwczpcL1wvYnJ1c2hjYXIuY29tXC93cC1jb250ZW50XC91cGxvYWRzXC8yMDIwXC8wNlwvdHJhZGl0aW9uYWwtYnJ1c2hlcy0wMS5qcGciLCJzbGlkZXNob3ciOiIyMWJkYjc5In0%3D\">\t\t<div class=\"elementor-carousel-image\" role=\"img\" aria-label=\"traditional brushes 01\" style=\"background-image: url(&#039;https:\/\/brushcar.com\/wp-content\/uploads\/2020\/06\/traditional-brushes-01.jpg&#039;)\">\n\n\t\t\t\n\t\t\t\t\t<\/div>\n\t\t<\/a>\t\t\t\t\t\t<\/div>\n\t\t\t\t\t\t\t\t\t\t\t<div class=\"swiper-slide\">\n\t\t\t\t\t\t\t<a href=\"https:\/\/brushcar.com\/wp-content\/uploads\/2020\/06\/traditional-brushes-02.jpg\" data-elementor-open-lightbox=\"yes\" data-elementor-lightbox-slideshow=\"21bdb79\" data-elementor-lightbox-title=\"traditional brushes 02\" data-e-action-hash=\"#elementor-action%3Aaction%3Dlightbox%26settings%3DeyJpZCI6MTE0LCJ1cmwiOiJodHRwczpcL1wvYnJ1c2hjYXIuY29tXC93cC1jb250ZW50XC91cGxvYWRzXC8yMDIwXC8wNlwvdHJhZGl0aW9uYWwtYnJ1c2hlcy0wMi5qcGciLCJzbGlkZXNob3ciOiIyMWJkYjc5In0%3D\">\t\t<div class=\"elementor-carousel-image\" role=\"img\" aria-label=\"traditional brushes 02\" style=\"background-image: url(&#039;https:\/\/brushcar.com\/wp-content\/uploads\/2020\/06\/traditional-brushes-02.jpg&#039;)\">\n\n\t\t\t\n\t\t\t\t\t<\/div>\n\t\t<\/a>\t\t\t\t\t\t<\/div>\n\t\t\t\t\t\t\t\t\t\t\t<div class=\"swiper-slide\">\n\t\t\t\t\t\t\t<a href=\"https:\/\/brushcar.com\/wp-content\/uploads\/2020\/06\/traditional-brushes-03.jpg\" data-elementor-open-lightbox=\"yes\" data-elementor-lightbox-slideshow=\"21bdb79\" data-elementor-lightbox-title=\"traditional brushes 03\" data-e-action-hash=\"#elementor-action%3Aaction%3Dlightbox%26settings%3DeyJpZCI6MTE1LCJ1cmwiOiJodHRwczpcL1wvYnJ1c2hjYXIuY29tXC93cC1jb250ZW50XC91cGxvYWRzXC8yMDIwXC8wNlwvdHJhZGl0aW9uYWwtYnJ1c2hlcy0wMy5qcGciLCJzbGlkZXNob3ciOiIyMWJkYjc5In0%3D\">\t\t<div class=\"elementor-carousel-image\" role=\"img\" aria-label=\"traditional brushes 03\" style=\"background-image: url(&#039;https:\/\/brushcar.com\/wp-content\/uploads\/2020\/06\/traditional-brushes-03.jpg&#039;)\">\n\n\t\t\t\n\t\t\t\t\t<\/div>\n\t\t<\/a>\t\t\t\t\t\t<\/div>\n\t\t\t\t\t\t\t\t\t<\/div>\n\t\t\t\t\t\t\t\t\t\t\t\t\t\t\t\t\t\t\t\t\t<\/div>\n\t\t<\/div>\n\t\t\t\t<div class=\"elementor-swiper\">\n\t\t\t<div class=\"elementor-thumbnails-swiper swiper-container\">\n\t\t\t\t<div class=\"swiper-wrapper\">\n\t\t\t\t\t\t\t\t\t\t\t<div class=\"swiper-slide\">\n\t\t\t\t\t\t\t\t\t<div class=\"elementor-carousel-image\" role=\"img\" aria-label=\"traditional brushes 01\" style=\"background-image: url(&#039;https:\/\/brushcar.com\/wp-content\/uploads\/2020\/06\/traditional-brushes-01.jpg&#039;)\">\n\n\t\t\t\n\t\t\t\t\t<\/div>\n\t\t<\/a>\t\t\t\t\t\t<\/div>\n\t\t\t\t\t\t\t\t\t\t\t<div class=\"swiper-slide\">\n\t\t\t\t\t\t\t\t\t<div class=\"elementor-carousel-image\" role=\"img\" aria-label=\"traditional brushes 02\" style=\"background-image: url(&#039;https:\/\/brushcar.com\/wp-content\/uploads\/2020\/06\/traditional-brushes-02.jpg&#039;)\">\n\n\t\t\t\n\t\t\t\t\t<\/div>\n\t\t<\/a>\t\t\t\t\t\t<\/div>\n\t\t\t\t\t\t\t\t\t\t\t<div class=\"swiper-slide\">\n\t\t\t\t\t\t\t\t\t<div class=\"elementor-carousel-image\" role=\"img\" aria-label=\"traditional brushes 03\" style=\"background-image: url(&#039;https:\/\/brushcar.com\/wp-content\/uploads\/2020\/06\/traditional-brushes-03.jpg&#039;)\">\n\n\t\t\t\n\t\t\t\t\t<\/div>\n\t\t<\/a>\t\t\t\t\t\t<\/div>\n\t\t\t\t\t\t\t\t\t<\/div>\n\t\t\t\t\t\t\t\t\t\t\t\t\t\t\t\t\t\t\t\t\t<\/div>\n\t\t<\/div>\n\t\t\t\t<\/div>\n\t\t\t\t<\/div>\n\t\t\t\t\t<\/div>\n\t\t<\/div>\n\t\t\t\t<div class=\"elementor-column elementor-col-50 elementor-inner-column elementor-element elementor-element-f47605d\" data-id=\"f47605d\" data-element_type=\"column\" data-settings=\"{&quot;background_background&quot;:&quot;classic&quot;}\">\n\t\t\t<div class=\"elementor-widget-wrap elementor-element-populated\">\n\t\t\t\t\t\t<div class=\"elementor-element elementor-element-36dc8e3 elementor-widget elementor-widget-text-editor\" data-id=\"36dc8e3\" data-element_type=\"widget\" data-widget_type=\"text-editor.default\">\n\t\t\t\t<div class=\"elementor-widget-container\">\n\t\t\t\t\t\t\t<p>Les brosses traditionnelles sont en poly\u00e9thyl\u00e8ne ; elles assurent le lavage \u00ab\u00a0classique\u00a0\u00bb de voitures.<\/p>\n<p>Les filaments de poly\u00e9thyl\u00e8ne utilis\u00e9s par Brushcar MBMP sont extrud\u00e9s dans notre usine.<\/p>\n<p>Les filaments peuvent \u00eatre cousus sur une plaque souple qui s\u2019enroule autour de l\u2019arbre ou ins\u00e9r\u00e9s sur des manchons rigides pour un montage plus rapide.<\/p>\n<p>Ces brosses conviennent pour tous types de lavage de v\u00e9hicules.<\/p>\n<p>Nous pouvons r\u00e9pondre \u00e0 toutes les attentes des clients en termes de densit\u00e9s, de diam\u00e8tres, de couleurs.<\/p>\n\t\t\t\t\t\t<\/div>\n\t\t\t\t<\/div>\n\t\t\t\t\t<\/div>\n\t\t<\/div>\n\t\t\t\t\t<\/div>\n\t\t<\/section>\n\t\t\t\t<div class=\"elementor-element elementor-element-874ba2d elementor-align-center elementor-widget elementor-widget-button\" data-id=\"874ba2d\" data-element_type=\"widget\" data-widget_type=\"button.default\">\n\t\t\t\t<div class=\"elementor-widget-container\">\n\t\t\t\t\t<div class=\"elementor-button-wrapper\">\n\t\t\t<a class=\"elementor-button elementor-button-link elementor-size-lg\" href=\"\/?page_id=46\">\n\t\t\t\t\t\t<span class=\"elementor-button-content-wrapper\">\n\t\t\t\t\t\t<span class=\"elementor-button-icon elementor-align-icon-right\">\n\t\t\t\t<i aria-hidden=\"true\" class=\"fas fa-arrow-alt-circle-right\"><\/i>\t\t\t<\/span>\n\t\t\t\t\t\t<span class=\"elementor-button-text\">Nous Contacter<\/span>\n\t\t<\/span>\n\t\t\t\t\t<\/a>\n\t\t<\/div>\n\t\t\t\t<\/div>\n\t\t\t\t<\/div>\n\t\t\t\t\t<\/div>\n\t\t<\/div>\n\t\t\t\t\t<\/div>\n\t\t<\/section>\n\t\t\t\t<section class=\"elementor-section elementor-top-section elementor-element elementor-element-08a2829 elementor-section-boxed elementor-section-height-default elementor-section-height-default\" data-id=\"08a2829\" data-element_type=\"section\" data-settings=\"{&quot;background_background&quot;:&quot;classic&quot;}\">\n\t\t\t\t\t\t<div class=\"elementor-container elementor-column-gap-default\">\n\t\t\t\t\t<div class=\"elementor-column elementor-col-100 elementor-top-column elementor-element elementor-element-6aaa69e\" data-id=\"6aaa69e\" data-element_type=\"column\">\n\t\t\t<div class=\"elementor-widget-wrap elementor-element-populated\">\n\t\t\t\t\t\t<div class=\"elementor-element elementor-element-6c983a1 elementor-widget elementor-widget-heading\" data-id=\"6c983a1\" data-element_type=\"widget\" data-widget_type=\"heading.default\">\n\t\t\t\t<div class=\"elementor-widget-container\">\n\t\t\t<h4 class=\"elementor-heading-title elementor-size-default\">Produits Connexes<\/h4>\t\t<\/div>\n\t\t\t\t<\/div>\n\t\t\t\t<section class=\"elementor-section elementor-inner-section elementor-element elementor-element-66e67ab elementor-section-boxed elementor-section-height-default elementor-section-height-default\" data-id=\"66e67ab\" data-element_type=\"section\">\n\t\t\t\t\t\t<div class=\"elementor-container elementor-column-gap-default\">\n\t\t\t\t\t<div class=\"make-column-clickable-elementor elementor-column elementor-col-25 elementor-inner-column elementor-element elementor-element-8622a33 related-prod-item\" style=\"cursor: pointer;\" data-column-clickable=\"\/our-products\/drying-strips\/\" data-column-clickable-blank=\"_self\" data-id=\"8622a33\" data-element_type=\"column\" data-settings=\"{&quot;background_background&quot;:&quot;classic&quot;}\">\n\t\t\t<div class=\"elementor-widget-wrap elementor-element-populated\">\n\t\t\t\t\t<div class=\"elementor-background-overlay\"><\/div>\n\t\t\t\t\t\t<div class=\"elementor-element elementor-element-d5609af elementor-widget elementor-widget-heading\" data-id=\"d5609af\" data-element_type=\"widget\" data-widget_type=\"heading.default\">\n\t\t\t\t<div class=\"elementor-widget-container\">\n\t\t\t<h5 class=\"elementor-heading-title elementor-size-default\">Tissu de s\u00e9chage<\/h5>\t\t<\/div>\n\t\t\t\t<\/div>\n\t\t\t\t\t<\/div>\n\t\t<\/div>\n\t\t\t\t<div class=\"make-column-clickable-elementor elementor-column elementor-col-25 elementor-inner-column elementor-element elementor-element-2666f4e related-prod-item\" style=\"cursor: pointer;\" data-column-clickable=\"\/our-products\/polytex-brushes\/\" data-column-clickable-blank=\"_self\" data-id=\"2666f4e\" data-element_type=\"column\" data-settings=\"{&quot;background_background&quot;:&quot;classic&quot;}\">\n\t\t\t<div class=\"elementor-widget-wrap elementor-element-populated\">\n\t\t\t\t\t<div class=\"elementor-background-overlay\"><\/div>\n\t\t\t\t\t\t<div class=\"elementor-element elementor-element-e006a82 elementor-widget elementor-widget-heading\" data-id=\"e006a82\" data-element_type=\"widget\" data-widget_type=\"heading.default\">\n\t\t\t\t<div class=\"elementor-widget-container\">\n\t\t\t<h5 class=\"elementor-heading-title elementor-size-default\">Brosses Polytex<\/h5>\t\t<\/div>\n\t\t\t\t<\/div>\n\t\t\t\t\t<\/div>\n\t\t<\/div>\n\t\t\t\t<div class=\"make-column-clickable-elementor elementor-column elementor-col-25 elementor-inner-column elementor-element elementor-element-a9f580d related-prod-item\" style=\"cursor: pointer;\" data-column-clickable=\"\/our-products\/wheel-brushes\/\" data-column-clickable-blank=\"_self\" data-id=\"a9f580d\" data-element_type=\"column\" data-settings=\"{&quot;background_background&quot;:&quot;classic&quot;}\">\n\t\t\t<div class=\"elementor-widget-wrap elementor-element-populated\">\n\t\t\t\t\t<div class=\"elementor-background-overlay\"><\/div>\n\t\t\t\t\t\t<div class=\"elementor-element elementor-element-5d60362 elementor-widget elementor-widget-heading\" data-id=\"5d60362\" data-element_type=\"widget\" data-widget_type=\"heading.default\">\n\t\t\t\t<div class=\"elementor-widget-container\">\n\t\t\t<h5 class=\"elementor-heading-title elementor-size-default\">Brosses de roue<\/h5>\t\t<\/div>\n\t\t\t\t<\/div>\n\t\t\t\t\t<\/div>\n\t\t<\/div>\n\t\t\t\t<div class=\"make-column-clickable-elementor elementor-column elementor-col-25 elementor-inner-column elementor-element elementor-element-34f4618 related-prod-item\" style=\"cursor: pointer;\" data-column-clickable=\"\/our-products\/polyfoam-brushes\/\" data-column-clickable-blank=\"_self\" data-id=\"34f4618\" data-element_type=\"column\" data-settings=\"{&quot;background_background&quot;:&quot;classic&quot;}\">\n\t\t\t<div class=\"elementor-widget-wrap elementor-element-populated\">\n\t\t\t\t\t<div class=\"elementor-background-overlay\"><\/div>\n\t\t\t\t\t\t<div class=\"elementor-element elementor-element-2bb64ef elementor-widget elementor-widget-heading\" data-id=\"2bb64ef\" data-element_type=\"widget\" data-widget_type=\"heading.default\">\n\t\t\t\t<div class=\"elementor-widget-container\">\n\t\t\t<h5 class=\"elementor-heading-title elementor-size-default\">Brosses Polymousse<\/h5>\t\t<\/div>\n\t\t\t\t<\/div>\n\t\t\t\t\t<\/div>\n\t\t<\/div>\n\t\t\t\t\t<\/div>\n\t\t<\/section>\n\t\t\t\t<div class=\"elementor-element elementor-element-3b340cc elementor-widget elementor-widget-heading\" data-id=\"3b340cc\" data-element_type=\"widget\" data-widget_type=\"heading.default\">\n\t\t\t\t<div class=\"elementor-widget-container\">\n\t\t\t<div class=\"elementor-heading-title elementor-size-default\"><a href=\"https:\/\/brushcar.com\/fr\/nos-produits\/\">Voir Tous Les Produits<\/a><\/div>\t\t<\/div>\n\t\t\t\t<\/div>\n\t\t\t\t\t<\/div>\n\t\t<\/div>\n\t\t\t\t\t<\/div>\n\t\t<\/section>\n\t\t\t\t<\/div>\n\t\t","protected":false},"excerpt":{"rendered":"<p>Les brosses traditionnelles sont en poly\u00e9thyl\u00e8ne ; elles assurent le lavage \u00ab\u00a0classique\u00a0\u00bb de voitures. Les filaments de poly\u00e9thyl\u00e8ne utilis\u00e9s par Brushcar MBMP sont extrud\u00e9s dans notre usine. Les filaments peuvent \u00eatre cousus sur une plaque souple qui s\u2019enroule autour de l\u2019arbre ou ins\u00e9r\u00e9s sur des manchons rigides pour un montage plus rapide. Ces brosses conviennent &hellip;<\/p>\n<p class=\"read-more\"> <a class=\"\" href=\"https:\/\/brushcar.com\/fr\/nos-produits\/brosses-traditionnelles\/\"> <span class=\"screen-reader-text\">Brosses Traditionnelles<\/span> Lire la suite\u00a0\u00bb<\/a><\/p>\n","protected":false},"author":1,"featured_media":0,"parent":379,"menu_order":0,"comment_status":"closed","ping_status":"closed","template":"","meta":{"site-sidebar-layout":"no-sidebar","site-content-layout":"page-builder","ast-global-header-display":"","ast-main-header-display":"","ast-hfb-above-header-display":"","ast-hfb-below-header-display":"","ast-hfb-mobile-header-display":"","site-post-title":"disabled","ast-breadcrumbs-content":"","ast-featured-img":"disabled","footer-sml-layout":"","theme-transparent-header-meta":"default","adv-header-id-meta":"","stick-header-meta":"","header-above-stick-meta":"","header-main-stick-meta":"","header-below-stick-meta":"","footnotes":""},"class_list":["post-387","page","type-page","status-publish","hentry"],"_links":{"self":[{"href":"https:\/\/brushcar.com\/fr\/wp-json\/wp\/v2\/pages\/387","targetHints":{"allow":["GET"]}}],"collection":[{"href":"https:\/\/brushcar.com\/fr\/wp-json\/wp\/v2\/pages"}],"about":[{"href":"https:\/\/brushcar.com\/fr\/wp-json\/wp\/v2\/types\/page"}],"author":[{"embeddable":true,"href":"https:\/\/brushcar.com\/fr\/wp-json\/wp\/v2\/users\/1"}],"replies":[{"embeddable":true,"href":"https:\/\/brushcar.com\/fr\/wp-json\/wp\/v2\/comments?post=387"}],"version-history":[{"count":0,"href":"https:\/\/brushcar.com\/fr\/wp-json\/wp\/v2\/pages\/387\/revisions"}],"up":[{"embeddable":true,"href":"https:\/\/brushcar.com\/fr\/wp-json\/wp\/v2\/pages\/379"}],"wp:attachment":[{"href":"https:\/\/brushcar.com\/fr\/wp-json\/wp\/v2\/media?parent=387"}],"curies":[{"name":"wp","href":"https:\/\/api.w.org\/{rel}","templated":true}]}}