{"id":433,"date":"2020-08-01T13:16:15","date_gmt":"2020-08-01T13:16:15","guid":{"rendered":"https:\/\/brushcar.wpengine.com\/legal-beachten\/"},"modified":"2020-08-01T13:16:15","modified_gmt":"2020-08-01T13:16:15","slug":"legal-beachten","status":"publish","type":"page","link":"https:\/\/brushcar.com\/de\/legal-beachten\/","title":{"rendered":"Legal Beachten"},"content":{"rendered":"\t\t<div data-elementor-type=\"wp-page\" data-elementor-id=\"433\" class=\"elementor elementor-433 elementor-428\" data-elementor-post-type=\"page\">\n\t\t\t\t\t\t<section class=\"elementor-section elementor-top-section elementor-element elementor-element-045ea10 elementor-section-boxed elementor-section-height-default elementor-section-height-default\" data-id=\"045ea10\" data-element_type=\"section\">\n\t\t\t\t\t\t<div class=\"elementor-container elementor-column-gap-default\">\n\t\t\t\t\t<div class=\"elementor-column elementor-col-100 elementor-top-column elementor-element elementor-element-005163c\" data-id=\"005163c\" data-element_type=\"column\">\n\t\t\t<div class=\"elementor-widget-wrap elementor-element-populated\">\n\t\t\t\t\t\t<div class=\"elementor-element elementor-element-c6071f8 elementor-widget elementor-widget-heading\" data-id=\"c6071f8\" data-element_type=\"widget\" data-widget_type=\"heading.default\">\n\t\t\t\t<div class=\"elementor-widget-container\">\n\t\t\t<h1 class=\"elementor-heading-title elementor-size-default\">Legal Beachten<\/h1>\t\t<\/div>\n\t\t\t\t<\/div>\n\t\t\t\t<div class=\"elementor-element elementor-element-f14918a elementor-widget elementor-widget-heading\" data-id=\"f14918a\" data-element_type=\"widget\" data-widget_type=\"heading.default\">\n\t\t\t\t<div class=\"elementor-widget-container\">\n\t\t\t<h4 class=\"elementor-heading-title elementor-size-default\">SITE PR\u00c4SENTATION<\/h4>\t\t<\/div>\n\t\t\t\t<\/div>\n\t\t\t\t<div class=\"elementor-element elementor-element-7a43d35 elementor-widget elementor-widget-text-editor\" data-id=\"7a43d35\" data-element_type=\"widget\" data-widget_type=\"text-editor.default\">\n\t\t\t\t<div class=\"elementor-widget-container\">\n\t\t\t\t\t\t\t<p>In \u00dcbereinstimmung mit den Bestimmungen der Artikel 6-III und 19 des Gesetzes Nr. 2004-575 vom 21. Juni 2004 f\u00fcr das Vertrauen in die digitale Wirtschaft, bekannt als LCEN, machen wir Benutzer und Besucher der Website www.mbmp darauf aufmerksam .fr die folgenden Informationen:<\/p>\n<p>&nbsp;<\/p>\n<p>STATUS DES EIGENT\u00dcMERS:<br \/>\nBesitzer: MBMP<br \/>\nAdresse: Z.I. de Montplaisir 79220 Champdeniers -Frankreich<\/p>\n<p>Telefon. : 05 49 25 62 53<\/p>\n<p>E-Mail-Adresse: mbmp@mbmp.fr<br \/>\nKapital: 200.000 \u20ac<br \/>\nSIRET-Nummer: 344 170 188 00025<br \/>\nGemeinschaftsinterne Umsatzsteuer-Identifikationsnummer: SR90344170188<br \/>\nVerantwortlich f\u00fcr die Ver\u00f6ffentlichung: Simon Walker<br \/>\nDesign: Cyberscope<br \/>\nHosting: Datacampus 27 Avenue Ren\u00e9 Cassin &#8211; 86360 Chasseneuil Futuroscope<\/p>\n\t\t\t\t\t\t<\/div>\n\t\t\t\t<\/div>\n\t\t\t\t<div class=\"elementor-element elementor-element-def8b0f elementor-widget elementor-widget-heading\" data-id=\"def8b0f\" data-element_type=\"widget\" data-widget_type=\"heading.default\">\n\t\t\t\t<div class=\"elementor-widget-container\">\n\t\t\t<h4 class=\"elementor-heading-title elementor-size-default\"> ALLGEMEINE NUTZUNGSBEDINGUNGEN DER WEBSITE UND DER ANGEBOTENEN DIENSTLEISTUNGEN<\/h4>\t\t<\/div>\n\t\t\t\t<\/div>\n\t\t\t\t<div class=\"elementor-element elementor-element-2cefa0d elementor-widget elementor-widget-text-editor\" data-id=\"2cefa0d\" data-element_type=\"widget\" data-widget_type=\"text-editor.default\">\n\t\t\t\t<div class=\"elementor-widget-container\">\n\t\t\t\t\t\t\t<p>Die Nutzung der Website www.mbmp.fr setzt die vollst\u00e4ndige Akzeptanz der nachfolgend beschriebenen allgemeinen Nutzungsbedingungen voraus. Diese Nutzungsbedingungen k\u00f6nnen jederzeit ohne vorherige Ank\u00fcndigung ge\u00e4ndert oder erg\u00e4nzt werden, sodass Benutzer der Website www.mbmp.fr aufgefordert werden, sie regelm\u00e4\u00dfig zu konsultieren. Die Website www.mbmp.fr ist grunds\u00e4tzlich f\u00fcr Benutzer rund um die Uhr und rund um die Uhr zug\u00e4nglich, mit Ausnahme von geplanten oder nicht geplanten Unterbrechungen, die f\u00fcr die Wartung oder bei h\u00f6herer Gewalt erforderlich sind. Wenn der Zugriff auf den Dienst nicht m\u00f6glich ist, verpflichtet sich www.mbmp.fr, alles zu tun, um den Zugriff auf den Dienst wiederherzustellen, und bem\u00fcht sich dann, den Benutzern die Daten und Zeiten der Intervention im Voraus mitzuteilen. Da www.mbmp.fr nur einer Mittelverpflichtung unterliegt, kann www.mbmp.fr nicht f\u00fcr Sch\u00e4den haftbar gemacht werden, die sich aus der Nichtverf\u00fcgbarkeit des Dienstes ergeben. Die Website www.mbmp.fr wird vom Eigent\u00fcmer der Website regelm\u00e4\u00dfig aktualisiert. Ebenso k\u00f6nnen die rechtlichen Hinweise jederzeit ohne vorherige Ank\u00fcndigung ge\u00e4ndert werden und sind f\u00fcr den Benutzer vorbehaltlos bindend. Es wird davon ausgegangen, dass der Benutzer sie vorbehaltlos akzeptiert und regelm\u00e4\u00dfig auf sie verweist, um sich \u00fcber \u00c4nderungen zu informieren.<\/p>\n<p>Die Website www.mbmp.fr beh\u00e4lt sich au\u00dferdem das Recht vor, die Rechte und \/ oder Pflichten dieser AGB und rechtlichen Hinweise ohne vorherige Ank\u00fcndigung abzutreten, zu \u00fcbertragen. Durch die weitere Nutzung der Dienste auf der Website www.mbmp.fr erkennt der Benutzer an, dass er \u00c4nderungen an den allgemeinen Bedingungen akzeptiert, die m\u00f6glicherweise aufgetreten sind.<\/p>\n\t\t\t\t\t\t<\/div>\n\t\t\t\t<\/div>\n\t\t\t\t<div class=\"elementor-element elementor-element-2d078fa elementor-widget elementor-widget-heading\" data-id=\"2d078fa\" data-element_type=\"widget\" data-widget_type=\"heading.default\">\n\t\t\t\t<div class=\"elementor-widget-container\">\n\t\t\t<h4 class=\"elementor-heading-title elementor-size-default\">BESCHREIBUNG DER DIENSTLEISTUNGEN<\/h4>\t\t<\/div>\n\t\t\t\t<\/div>\n\t\t\t\t<div class=\"elementor-element elementor-element-404d308 elementor-widget elementor-widget-text-editor\" data-id=\"404d308\" data-element_type=\"widget\" data-widget_type=\"text-editor.default\">\n\t\t\t\t<div class=\"elementor-widget-container\">\n\t\t\t\t\t\t\t<p>Der Zweck der Website www.mbmp.fr besteht darin, Informationen zu allen Aktivit\u00e4ten des Unternehmens bereitzustellen. Der Websitebesitzer ist bestrebt, der Website www.mbmp.fr so genaue Informationen wie m\u00f6glich zur Verf\u00fcgung zu stellen. Es kann jedoch nicht f\u00fcr Auslassungen, Ungenauigkeiten und M\u00e4ngel in der Aktualisierung verantwortlich gemacht werden, weder von sich selbst noch von den Drittpartnern, die diese Informationen bereitstellen. Alle auf der Website www.mbmp.fr angebotenen Informationen dienen nur zur Information, erheben keinen Anspruch auf Vollst\u00e4ndigkeit und k\u00f6nnen sich \u00e4ndern. Sie unterliegen \u00c4nderungen, die seit ihrer Online-Bereitstellung vorgenommen wurden.<\/p>\n\t\t\t\t\t\t<\/div>\n\t\t\t\t<\/div>\n\t\t\t\t<div class=\"elementor-element elementor-element-b5b88ed elementor-widget elementor-widget-heading\" data-id=\"b5b88ed\" data-element_type=\"widget\" data-widget_type=\"heading.default\">\n\t\t\t\t<div class=\"elementor-widget-container\">\n\t\t\t<h4 class=\"elementor-heading-title elementor-size-default\">HAFTUNGSBESCHR\u00c4NKUNGEN<\/h4>\t\t<\/div>\n\t\t\t\t<\/div>\n\t\t\t\t<div class=\"elementor-element elementor-element-87b621b elementor-widget elementor-widget-text-editor\" data-id=\"87b621b\" data-element_type=\"widget\" data-widget_type=\"text-editor.default\">\n\t\t\t\t<div class=\"elementor-widget-container\">\n\t\t\t\t\t\t\t<p>Die Website www.mbmp.fr verwendet die Javascript-Technologie. Die Website www.mbmp.fr kann nicht f\u00fcr Druckfehler oder Ungenauigkeiten im Dienst oder f\u00fcr Sch\u00e4den verantwortlich gemacht werden, die durch deren Verwendung entstehen. Der Benutzer bleibt f\u00fcr seine Ger\u00e4te und deren Verwendung verantwortlich, ebenso tr\u00e4gt er allein die direkten oder indirekten Kosten nach seiner Verbindung zum Internet. Der Benutzer der Website www.mbmp.fr verpflichtet sich, mit den neuesten Ger\u00e4ten, die keine Viren enthalten, und mit einem aktualisierten Browser der neuesten Generation darauf zuzugreifen. Der Benutzer befreit www.mbmp.fr von jeglicher Haftung f\u00fcr Sch\u00e4den, die er direkt oder indirekt durch die angebotenen Dienste erleiden oder verursachen kann. Durch die Nutzung des vorgeschlagenen Dienstes wird nur die Verantwortung des Benutzers \u00fcbernommen, und dieser stellt die Website www.mbmp.fr ausdr\u00fccklich von jeglicher Verantwortung gegen\u00fcber Dritten frei.<\/p>\n<p>Der Inhaber der Website beh\u00e4lt sich das Recht vor, die zivil- und \/ oder strafrechtliche Haftung des Nutzers in Frage zu stellen, insbesondere im Falle einer rassistischen, missbr\u00e4uchlichen, diffamierenden oder pornografischen Nachricht, unabh\u00e4ngig vom verwendeten Medium (Text, Fotografie) \u2026). An dieser Stelle wird daran erinnert, dass die Entwickler der Website www.mbmp.fr die E-Mail-Adresse und die IP-Adresse des Benutzers verfolgen. Folglich muss er sich bewusst sein, dass er im Falle einer einstweiligen Verf\u00fcgung der Justizbeh\u00f6rde gefunden und strafrechtlich verfolgt werden kann.<\/p>\n\t\t\t\t\t\t<\/div>\n\t\t\t\t<\/div>\n\t\t\t\t<div class=\"elementor-element elementor-element-10c3f8c elementor-widget elementor-widget-heading\" data-id=\"10c3f8c\" data-element_type=\"widget\" data-widget_type=\"heading.default\">\n\t\t\t\t<div class=\"elementor-widget-container\">\n\t\t\t<h4 class=\"elementor-heading-title elementor-size-default\">GEISTIGES EIGENTUM UND VERLETZUNG<\/h4>\t\t<\/div>\n\t\t\t\t<\/div>\n\t\t\t\t<div class=\"elementor-element elementor-element-ddd8026 elementor-widget elementor-widget-text-editor\" data-id=\"ddd8026\" data-element_type=\"widget\" data-widget_type=\"text-editor.default\">\n\t\t\t\t<div class=\"elementor-widget-container\">\n\t\t\t\t\t\t\t<p>Der Eigent\u00fcmer der Website ist der Eigent\u00fcmer der Rechte an geistigem Eigentum oder besitzt die Nutzungsrechte f\u00fcr alle auf der Website zug\u00e4nglichen Elemente, insbesondere die Texte, Bilder, Grafiken, Logos, Symbole, Sounds, Software &#8230; Jede Vervielf\u00e4ltigung, Darstellung, \u00c4nderung, Die Ver\u00f6ffentlichung, vollst\u00e4ndige oder teilweise Anpassung der Elemente der Website, unabh\u00e4ngig von den verwendeten Mitteln oder Verfahren, ist mit Ausnahme der vorherigen schriftlichen Genehmigung an die E-Mail-Adresse mbmp@mbmp.fr untersagt. Jede nicht autorisierte Nutzung der Website oder eines dieser darin enthaltenen Elemente wird als Versto\u00df angesehen und gem\u00e4\u00df den Bestimmungen der Artikel L.335-2 und den Bestimmungen des Gesetzes \u00fcber geistiges Eigentum verfolgt.<\/p>\n\t\t\t\t\t\t<\/div>\n\t\t\t\t<\/div>\n\t\t\t\t<div class=\"elementor-element elementor-element-7d86d42 elementor-widget elementor-widget-heading\" data-id=\"7d86d42\" data-element_type=\"widget\" data-widget_type=\"heading.default\">\n\t\t\t\t<div class=\"elementor-widget-container\">\n\t\t\t<h4 class=\"elementor-heading-title elementor-size-default\">HYPERTEXT LINKS UND COOKIES<\/h4>\t\t<\/div>\n\t\t\t\t<\/div>\n\t\t\t\t<div class=\"elementor-element elementor-element-20668bf elementor-widget elementor-widget-text-editor\" data-id=\"20668bf\" data-element_type=\"widget\" data-widget_type=\"text-editor.default\">\n\t\t\t\t<div class=\"elementor-widget-container\">\n\t\t\t\t\t\t\t<p>Die Website www.mbmp.fr enth\u00e4lt eine Reihe von Hypertext-Links zu anderen Websites (Partner, Informationen usw.), die mit Genehmigung des Website-Eigent\u00fcmers eingerichtet wurden. Der Websitebesitzer ist jedoch nicht in der Lage, den Inhalt der besuchten Websites zu \u00fcberpr\u00fcfen, und lehnt daher jegliche Verantwortung f\u00fcr diese Tatsache im Hinblick auf die m\u00f6glichen Risiken illegaler Inhalte ab. Der Benutzer wird dar\u00fcber informiert, dass w\u00e4hrend seiner Besuche auf der Website www.mbmp.fr m\u00f6glicherweise ein oder mehrere Cookies automatisch auf seinem Computer installiert werden. Ein Cookie ist eine kleine Datei, mit der der Benutzer nicht identifiziert werden kann, die jedoch Informationen zur Navigation eines Computers auf einer Site aufzeichnet. Die so erhaltenen Daten sollen die sp\u00e4tere Navigation auf der Website erleichtern und verschiedene Anwesenheitsma\u00dfe erm\u00f6glichen.<\/p>\n<p>Die Konfiguration der Browsersoftware erm\u00f6glicht es, \u00fcber das Vorhandensein eines Cookies zu informieren und m\u00f6glicherweise abzulehnen, wie unter der folgenden Adresse beschrieben: www.cnil.fr.<\/p>\n<p>Wenn Sie sich weigern, ein Cookie zu installieren, k\u00f6nnen Sie m\u00f6glicherweise nicht auf bestimmte Dienste zugreifen. Der Benutzer kann seinen Computer jedoch wie folgt konfigurieren, um die Installation von Cookies abzulehnen:<\/p>\n<p>In Internet Explorer: Registerkarte &#8222;Tool&#8220; \/ Internetoptionen. Klicken Sie auf Datenschutz und w\u00e4hlen Sie Alle Cookies blockieren. Validieren Sie auf OK.<br \/>\nUnter Netscape: Registerkarte Edition \/ Einstellungen. Klicken Sie auf Erweitert und w\u00e4hlen Sie Cookies deaktivieren. Validieren Sie auf OK.<br \/>\nIn Firefox: Tool \/ Optionen \/ Registerkarte Datenschutz. W\u00e4hlen Sie im Abschnitt &#8222;Verlauf&#8220; die Option &#8222;Personalisierte Einstellungen f\u00fcr den Verlauf verwenden&#8220; und deaktivieren Sie &#8222;Cookies akzeptieren&#8220;. Best\u00e4tigen Sie mit OK<br \/>\nUnter Chrome: Google Chrome-Men\u00fc \/ Einstellungen \/ Erweiterte Einstellungen unten auf der Seite anzeigen \/ Auf &#8222;Inhaltseinstellungen&#8220; klicken \/ Aktivieren: Alle Cookies von Drittanbietern ausnahmslos blockieren. Validieren Sie auf OK<\/p>\n\t\t\t\t\t\t<\/div>\n\t\t\t\t<\/div>\n\t\t\t\t<div class=\"elementor-element elementor-element-995044f elementor-widget elementor-widget-heading\" data-id=\"995044f\" data-element_type=\"widget\" data-widget_type=\"heading.default\">\n\t\t\t\t<div class=\"elementor-widget-container\">\n\t\t\t<h4 class=\"elementor-heading-title elementor-size-default\">ANWENDBARES RECHT UND GERICHTSSTAND<\/h4>\t\t<\/div>\n\t\t\t\t<\/div>\n\t\t\t\t<div class=\"elementor-element elementor-element-6a4db43 elementor-widget elementor-widget-text-editor\" data-id=\"6a4db43\" data-element_type=\"widget\" data-widget_type=\"text-editor.default\">\n\t\t\t\t<div class=\"elementor-widget-container\">\n\t\t\t\t\t\t\t<p>Alle Streitigkeiten im Zusammenhang mit der Nutzung der Website www.mbmp.fr unterliegen franz\u00f6sischem Recht. Der Benutzer und www.mbmp.fr erkl\u00e4ren sich damit einverstanden, sich im Streitfall der ausschlie\u00dflichen Zust\u00e4ndigkeit der franz\u00f6sischen Gerichte zu unterwerfen.<\/p>\n\t\t\t\t\t\t<\/div>\n\t\t\t\t<\/div>\n\t\t\t\t<div class=\"elementor-element elementor-element-b63fa8d elementor-widget elementor-widget-heading\" data-id=\"b63fa8d\" data-element_type=\"widget\" data-widget_type=\"heading.default\">\n\t\t\t\t<div class=\"elementor-widget-container\">\n\t\t\t<h4 class=\"elementor-heading-title elementor-size-default\">SCHUTZ VON EIGENTUM UND PERSONEN - VERWALTUNG VON PERS\u00d6NLICHEN DATEN<\/h4>\t\t<\/div>\n\t\t\t\t<\/div>\n\t\t\t\t<div class=\"elementor-element elementor-element-9503c8a elementor-widget elementor-widget-text-editor\" data-id=\"9503c8a\" data-element_type=\"widget\" data-widget_type=\"text-editor.default\">\n\t\t\t\t<div class=\"elementor-widget-container\">\n\t\t\t\t\t\t\t<p>Benutzer: Internetbenutzer, der \u00fcber die oben genannte Website eine Verbindung herstellt: www.mbmp.fr.<br \/>\nIn Frankreich sind personenbezogene Daten insbesondere durch das Gesetz Nr. 78-87 vom 6. Januar 1978, das Gesetz Nr. 2004-801 vom 6. August 2004, Artikel L. 226-13 des Strafgesetzbuchs und die Europ\u00e4ische Richtlinie von gesch\u00fctzt 24. Oktober 1995.<\/p>\n<p>Auf der Website www.mbmp.fr sammelt der Websitebesitzer nur personenbezogene Daten \u00fcber den Benutzer f\u00fcr die Zwecke bestimmter Dienste, die auf der Website www.mbmp.fr angeboten werden. Der Benutzer stellt diese Informationen mit vollst\u00e4ndiger Kenntnis der Fakten zur Verf\u00fcgung, insbesondere wenn er sie selbst eingibt. Der Benutzer der Website www.mbmp.fr wird dann \u00fcber die Verpflichtung informiert, diese Informationen nicht bereitzustellen. Gem\u00e4\u00df den Bestimmungen von Artikel 38 und dem Gesetz 78-17 vom 6. Januar 1978 \u00fcber Datenverarbeitung, Dateien und Freiheiten hat jeder Benutzer ein Recht auf Zugang, Berichtigung, L\u00f6schung und Widerspruch zu personenbezogenen Daten, die ihn betreffen. Um dieses Recht auszu\u00fcben, senden Sie Ihre Anfrage per E-Mail an www.mbmp.fr: mbmp@mbmp.fr oder indem Sie eine schriftliche und unterschriebene Anfrage zusammen mit einer Kopie des Ausweises mit der Unterschrift des Inhabers des Dokuments in Angabe der Adresse, an die die Antwort gesendet werden soll.<\/p>\n<p>Keine pers\u00f6nlichen Informationen des Benutzers der Website www.mbmp.fr werden ohne dessen Wissen ver\u00f6ffentlicht, ausgetauscht, \u00fcbertragen, zugewiesen oder auf irgendeinem Medium an Dritte verkauft. Nur die Annahme der R\u00fccknahme der Website www.mbmp.fr vom Eigent\u00fcmer der Website und ihrer Rechte w\u00fcrde die \u00dcbermittlung dieser Informationen an den potenziellen K\u00e4ufer erm\u00f6glichen, der wiederum an die gleiche Verpflichtung zur Speicherung und \u00c4nderung der Daten gegen\u00fcber verpflichtet w\u00e4re -zum Benutzer der Website www.mbmp.fr.<\/p>\n<p>Die Datenbanken sind durch die Bestimmungen des Gesetzes vom 1. Juli 1998 zur Umsetzung der Richtlinie 96\/9 vom 11. M\u00e4rz 1996 \u00fcber den rechtlichen Schutz von Datenbanken gesch\u00fctzt.<\/p>\n\t\t\t\t\t\t<\/div>\n\t\t\t\t<\/div>\n\t\t\t\t\t<\/div>\n\t\t<\/div>\n\t\t\t\t\t<\/div>\n\t\t<\/section>\n\t\t\t\t<\/div>\n\t\t","protected":false},"excerpt":{"rendered":"<p>Legal Beachten SITE PR\u00c4SENTATION In \u00dcbereinstimmung mit den Bestimmungen der Artikel 6-III und 19 des Gesetzes Nr. 2004-575 vom 21. Juni 2004 f\u00fcr das Vertrauen in die digitale Wirtschaft, bekannt als LCEN, machen wir Benutzer und Besucher der Website www.mbmp darauf aufmerksam .fr die folgenden Informationen: &nbsp; STATUS DES EIGENT\u00dcMERS: Besitzer: MBMP Adresse: Z.I. de &hellip;<\/p>\n<p class=\"read-more\"> <a class=\"\" href=\"https:\/\/brushcar.com\/de\/legal-beachten\/\"> <span class=\"screen-reader-text\">Legal Beachten<\/span> Weiterlesen &raquo;<\/a><\/p>\n","protected":false},"author":1,"featured_media":0,"parent":0,"menu_order":0,"comment_status":"closed","ping_status":"closed","template":"","meta":{"site-sidebar-layout":"no-sidebar","site-content-layout":"page-builder","ast-global-header-display":"","ast-main-header-display":"","ast-hfb-above-header-display":"","ast-hfb-below-header-display":"","ast-hfb-mobile-header-display":"","site-post-title":"disabled","ast-breadcrumbs-content":"","ast-featured-img":"disabled","footer-sml-layout":"","theme-transparent-header-meta":"default","adv-header-id-meta":"","stick-header-meta":"","header-above-stick-meta":"","header-main-stick-meta":"","header-below-stick-meta":"","footnotes":""},"class_list":["post-433","page","type-page","status-publish","hentry"],"_links":{"self":[{"href":"https:\/\/brushcar.com\/de\/wp-json\/wp\/v2\/pages\/433","targetHints":{"allow":["GET"]}}],"collection":[{"href":"https:\/\/brushcar.com\/de\/wp-json\/wp\/v2\/pages"}],"about":[{"href":"https:\/\/brushcar.com\/de\/wp-json\/wp\/v2\/types\/page"}],"author":[{"embeddable":true,"href":"https:\/\/brushcar.com\/de\/wp-json\/wp\/v2\/users\/1"}],"replies":[{"embeddable":true,"href":"https:\/\/brushcar.com\/de\/wp-json\/wp\/v2\/comments?post=433"}],"version-history":[{"count":0,"href":"https:\/\/brushcar.com\/de\/wp-json\/wp\/v2\/pages\/433\/revisions"}],"wp:attachment":[{"href":"https:\/\/brushcar.com\/de\/wp-json\/wp\/v2\/media?parent=433"}],"curies":[{"name":"wp","href":"https:\/\/api.w.org\/{rel}","templated":true}]}}