{"id":384,"date":"2020-07-29T08:38:34","date_gmt":"2020-07-29T08:38:34","guid":{"rendered":"https:\/\/brushcar.wpengine.com\/unsere-produkte\/gemischte-buersten\/"},"modified":"2020-07-29T08:44:34","modified_gmt":"2020-07-29T08:44:34","slug":"gemischte-buersten","status":"publish","type":"page","link":"https:\/\/brushcar.com\/de\/unsere-produkte\/gemischte-buersten\/","title":{"rendered":"Gemischte B\u00fcrsten"},"content":{"rendered":"\t\t<div data-elementor-type=\"wp-page\" data-elementor-id=\"384\" class=\"elementor elementor-384 elementor-92\" data-elementor-post-type=\"page\">\n\t\t\t\t\t\t<section class=\"elementor-section elementor-top-section elementor-element elementor-element-a10936b elementor-section-boxed elementor-section-height-default elementor-section-height-default\" data-id=\"a10936b\" data-element_type=\"section\" data-settings=\"{&quot;background_background&quot;:&quot;classic&quot;}\">\n\t\t\t\t\t\t\t<div class=\"elementor-background-overlay\"><\/div>\n\t\t\t\t\t\t\t<div class=\"elementor-container elementor-column-gap-default\">\n\t\t\t\t\t<div class=\"elementor-column elementor-col-100 elementor-top-column elementor-element elementor-element-9886031\" data-id=\"9886031\" data-element_type=\"column\">\n\t\t\t<div class=\"elementor-widget-wrap elementor-element-populated\">\n\t\t\t\t\t\t<section class=\"elementor-section elementor-inner-section elementor-element elementor-element-9c11b94 elementor-section-boxed elementor-section-height-default elementor-section-height-default\" data-id=\"9c11b94\" data-element_type=\"section\">\n\t\t\t\t\t\t<div class=\"elementor-container elementor-column-gap-no\">\n\t\t\t\t\t<div class=\"elementor-column elementor-col-50 elementor-inner-column elementor-element elementor-element-d0c5b5a\" data-id=\"d0c5b5a\" data-element_type=\"column\">\n\t\t\t<div class=\"elementor-widget-wrap elementor-element-populated\">\n\t\t\t\t\t\t<div class=\"elementor-element elementor-element-31616ef elementor-skin-slideshow elementor-widget elementor-widget-media-carousel\" data-id=\"31616ef\" data-element_type=\"widget\" data-settings=\"{&quot;skin&quot;:&quot;slideshow&quot;,&quot;centered_slides&quot;:&quot;yes&quot;,&quot;speed&quot;:800,&quot;effect&quot;:&quot;slide&quot;,&quot;autoplay&quot;:&quot;yes&quot;,&quot;autoplay_speed&quot;:5000,&quot;loop&quot;:&quot;yes&quot;,&quot;pause_on_hover&quot;:&quot;yes&quot;,&quot;pause_on_interaction&quot;:&quot;yes&quot;,&quot;space_between&quot;:{&quot;unit&quot;:&quot;px&quot;,&quot;size&quot;:10,&quot;sizes&quot;:[]},&quot;space_between_tablet&quot;:{&quot;unit&quot;:&quot;px&quot;,&quot;size&quot;:10,&quot;sizes&quot;:[]},&quot;space_between_mobile&quot;:{&quot;unit&quot;:&quot;px&quot;,&quot;size&quot;:10,&quot;sizes&quot;:[]}}\" data-widget_type=\"media-carousel.default\">\n\t\t\t\t<div class=\"elementor-widget-container\">\n\t\t\t\t\t<div class=\"elementor-swiper\">\n\t\t\t<div class=\"elementor-main-swiper swiper-container\">\n\t\t\t\t<div class=\"swiper-wrapper\">\n\t\t\t\t\t\t\t\t\t\t\t<div class=\"swiper-slide\">\n\t\t\t\t\t\t\t<a href=\"https:\/\/brushcar.com\/wp-content\/uploads\/2020\/06\/mixte-brushes01.jpg\" data-elementor-open-lightbox=\"yes\" data-elementor-lightbox-slideshow=\"31616ef\" data-elementor-lightbox-title=\"mixte brushes01\" data-e-action-hash=\"#elementor-action%3Aaction%3Dlightbox%26settings%3DeyJpZCI6MTA1LCJ1cmwiOiJodHRwczpcL1wvYnJ1c2hjYXIuY29tXC93cC1jb250ZW50XC91cGxvYWRzXC8yMDIwXC8wNlwvbWl4dGUtYnJ1c2hlczAxLmpwZyIsInNsaWRlc2hvdyI6IjMxNjE2ZWYifQ%3D%3D\">\t\t<div class=\"elementor-carousel-image\" role=\"img\" aria-label=\"mixte brushes01\" style=\"background-image: url(&#039;https:\/\/brushcar.com\/wp-content\/uploads\/2020\/06\/mixte-brushes01.jpg&#039;)\">\n\n\t\t\t\n\t\t\t\t\t<\/div>\n\t\t<\/a>\t\t\t\t\t\t<\/div>\n\t\t\t\t\t\t\t\t\t\t\t<div class=\"swiper-slide\">\n\t\t\t\t\t\t\t<a href=\"https:\/\/brushcar.com\/wp-content\/uploads\/2020\/06\/mixte-brushes02.jpg\" data-elementor-open-lightbox=\"yes\" data-elementor-lightbox-slideshow=\"31616ef\" data-elementor-lightbox-title=\"mixte brushes02\" data-e-action-hash=\"#elementor-action%3Aaction%3Dlightbox%26settings%3DeyJpZCI6MTAyLCJ1cmwiOiJodHRwczpcL1wvYnJ1c2hjYXIuY29tXC93cC1jb250ZW50XC91cGxvYWRzXC8yMDIwXC8wNlwvbWl4dGUtYnJ1c2hlczAyLmpwZyIsInNsaWRlc2hvdyI6IjMxNjE2ZWYifQ%3D%3D\">\t\t<div class=\"elementor-carousel-image\" role=\"img\" aria-label=\"mixte brushes02\" style=\"background-image: url(&#039;https:\/\/brushcar.com\/wp-content\/uploads\/2020\/06\/mixte-brushes02.jpg&#039;)\">\n\n\t\t\t\n\t\t\t\t\t<\/div>\n\t\t<\/a>\t\t\t\t\t\t<\/div>\n\t\t\t\t\t\t\t\t\t\t\t<div class=\"swiper-slide\">\n\t\t\t\t\t\t\t<a href=\"https:\/\/brushcar.com\/wp-content\/uploads\/2020\/06\/mixte-brushes03.jpg\" data-elementor-open-lightbox=\"yes\" data-elementor-lightbox-slideshow=\"31616ef\" data-elementor-lightbox-title=\"mixte brushes03\" data-e-action-hash=\"#elementor-action%3Aaction%3Dlightbox%26settings%3DeyJpZCI6MTAzLCJ1cmwiOiJodHRwczpcL1wvYnJ1c2hjYXIuY29tXC93cC1jb250ZW50XC91cGxvYWRzXC8yMDIwXC8wNlwvbWl4dGUtYnJ1c2hlczAzLmpwZyIsInNsaWRlc2hvdyI6IjMxNjE2ZWYifQ%3D%3D\">\t\t<div class=\"elementor-carousel-image\" role=\"img\" aria-label=\"mixte brushes03\" style=\"background-image: url(&#039;https:\/\/brushcar.com\/wp-content\/uploads\/2020\/06\/mixte-brushes03.jpg&#039;)\">\n\n\t\t\t\n\t\t\t\t\t<\/div>\n\t\t<\/a>\t\t\t\t\t\t<\/div>\n\t\t\t\t\t\t\t\t\t<\/div>\n\t\t\t\t\t\t\t\t\t\t\t\t\t\t\t\t\t\t\t\t\t<\/div>\n\t\t<\/div>\n\t\t\t\t<div class=\"elementor-swiper\">\n\t\t\t<div class=\"elementor-thumbnails-swiper swiper-container\">\n\t\t\t\t<div class=\"swiper-wrapper\">\n\t\t\t\t\t\t\t\t\t\t\t<div class=\"swiper-slide\">\n\t\t\t\t\t\t\t\t\t<div class=\"elementor-carousel-image\" role=\"img\" aria-label=\"mixte brushes01\" style=\"background-image: url(&#039;https:\/\/brushcar.com\/wp-content\/uploads\/2020\/06\/mixte-brushes01.jpg&#039;)\">\n\n\t\t\t\n\t\t\t\t\t<\/div>\n\t\t<\/a>\t\t\t\t\t\t<\/div>\n\t\t\t\t\t\t\t\t\t\t\t<div class=\"swiper-slide\">\n\t\t\t\t\t\t\t\t\t<div class=\"elementor-carousel-image\" role=\"img\" aria-label=\"mixte brushes02\" style=\"background-image: url(&#039;https:\/\/brushcar.com\/wp-content\/uploads\/2020\/06\/mixte-brushes02.jpg&#039;)\">\n\n\t\t\t\n\t\t\t\t\t<\/div>\n\t\t<\/a>\t\t\t\t\t\t<\/div>\n\t\t\t\t\t\t\t\t\t\t\t<div class=\"swiper-slide\">\n\t\t\t\t\t\t\t\t\t<div class=\"elementor-carousel-image\" role=\"img\" aria-label=\"mixte brushes03\" style=\"background-image: url(&#039;https:\/\/brushcar.com\/wp-content\/uploads\/2020\/06\/mixte-brushes03.jpg&#039;)\">\n\n\t\t\t\n\t\t\t\t\t<\/div>\n\t\t<\/a>\t\t\t\t\t\t<\/div>\n\t\t\t\t\t\t\t\t\t<\/div>\n\t\t\t\t\t\t\t\t\t\t\t\t\t\t\t\t\t\t\t\t\t<\/div>\n\t\t<\/div>\n\t\t\t\t<\/div>\n\t\t\t\t<\/div>\n\t\t\t\t\t<\/div>\n\t\t<\/div>\n\t\t\t\t<div class=\"elementor-column elementor-col-50 elementor-inner-column elementor-element elementor-element-993aecf\" data-id=\"993aecf\" data-element_type=\"column\" data-settings=\"{&quot;background_background&quot;:&quot;classic&quot;}\">\n\t\t\t<div class=\"elementor-widget-wrap elementor-element-populated\">\n\t\t\t\t\t\t<div class=\"elementor-element elementor-element-df13e10 elementor-widget elementor-widget-text-editor\" data-id=\"df13e10\" data-element_type=\"widget\" data-widget_type=\"text-editor.default\">\n\t\t\t\t<div class=\"elementor-widget-container\">\n\t\t\t\t\t\t\t<p>Ein Zusammenschluss von weichen Polyethylen- und quadratischen Polyschaum-Str\u00e4ngen. Alle Vorteile beider Materialien auf einer einzigen B\u00fcrste: Ablagerungen des Polyethylens werden durch Polyschaum entfernt. Die Kombination der Weichheit von Polyschaum und der Reinigungsgenauigkeit des Polyethylens. Diese Option wird zunehmend f\u00fcr das Waschen von Nutzfahrzeugen eingesetzt.<\/p>\n\t\t\t\t\t\t<\/div>\n\t\t\t\t<\/div>\n\t\t\t\t\t<\/div>\n\t\t<\/div>\n\t\t\t\t\t<\/div>\n\t\t<\/section>\n\t\t\t\t<div class=\"elementor-element elementor-element-e821afe elementor-align-center elementor-widget elementor-widget-button\" data-id=\"e821afe\" data-element_type=\"widget\" data-widget_type=\"button.default\">\n\t\t\t\t<div class=\"elementor-widget-container\">\n\t\t\t\t\t<div class=\"elementor-button-wrapper\">\n\t\t\t<a class=\"elementor-button elementor-button-link elementor-size-lg\" href=\"\/?page_id=46\">\n\t\t\t\t\t\t<span class=\"elementor-button-content-wrapper\">\n\t\t\t\t\t\t<span class=\"elementor-button-icon elementor-align-icon-right\">\n\t\t\t\t<i aria-hidden=\"true\" class=\"fas fa-arrow-alt-circle-right\"><\/i>\t\t\t<\/span>\n\t\t\t\t\t\t<span class=\"elementor-button-text\">Kontaktiere Uns<\/span>\n\t\t<\/span>\n\t\t\t\t\t<\/a>\n\t\t<\/div>\n\t\t\t\t<\/div>\n\t\t\t\t<\/div>\n\t\t\t\t\t<\/div>\n\t\t<\/div>\n\t\t\t\t\t<\/div>\n\t\t<\/section>\n\t\t\t\t<section class=\"elementor-section elementor-top-section elementor-element elementor-element-8d429ea elementor-section-boxed elementor-section-height-default elementor-section-height-default\" data-id=\"8d429ea\" data-element_type=\"section\" data-settings=\"{&quot;background_background&quot;:&quot;classic&quot;}\">\n\t\t\t\t\t\t<div class=\"elementor-container elementor-column-gap-default\">\n\t\t\t\t\t<div class=\"elementor-column elementor-col-100 elementor-top-column elementor-element elementor-element-b198438\" data-id=\"b198438\" data-element_type=\"column\">\n\t\t\t<div class=\"elementor-widget-wrap elementor-element-populated\">\n\t\t\t\t\t\t<div class=\"elementor-element elementor-element-dac5d5c elementor-widget elementor-widget-heading\" data-id=\"dac5d5c\" data-element_type=\"widget\" data-widget_type=\"heading.default\">\n\t\t\t\t<div class=\"elementor-widget-container\">\n\t\t\t<h4 class=\"elementor-heading-title elementor-size-default\">Verwandte Produkte<\/h4>\t\t<\/div>\n\t\t\t\t<\/div>\n\t\t\t\t<section class=\"elementor-section elementor-inner-section elementor-element elementor-element-f37bb93 elementor-section-boxed elementor-section-height-default elementor-section-height-default\" data-id=\"f37bb93\" data-element_type=\"section\">\n\t\t\t\t\t\t<div class=\"elementor-container elementor-column-gap-default\">\n\t\t\t\t\t<div class=\"make-column-clickable-elementor elementor-column elementor-col-25 elementor-inner-column elementor-element elementor-element-9d7483a related-prod-item\" style=\"cursor: pointer;\" data-column-clickable=\"\/our-products\/finishtex-brushes\/\" data-column-clickable-blank=\"_self\" data-id=\"9d7483a\" data-element_type=\"column\" data-settings=\"{&quot;background_background&quot;:&quot;classic&quot;}\">\n\t\t\t<div class=\"elementor-widget-wrap elementor-element-populated\">\n\t\t\t\t\t<div class=\"elementor-background-overlay\"><\/div>\n\t\t\t\t\t\t<div class=\"elementor-element elementor-element-71e72d8 elementor-widget elementor-widget-heading\" data-id=\"71e72d8\" data-element_type=\"widget\" data-widget_type=\"heading.default\">\n\t\t\t\t<div class=\"elementor-widget-container\">\n\t\t\t<h5 class=\"elementor-heading-title elementor-size-default\">Finishtex B\u00fcrsten<\/h5>\t\t<\/div>\n\t\t\t\t<\/div>\n\t\t\t\t\t<\/div>\n\t\t<\/div>\n\t\t\t\t<div class=\"make-column-clickable-elementor elementor-column elementor-col-25 elementor-inner-column elementor-element elementor-element-03ccb7d related-prod-item\" style=\"cursor: pointer;\" data-column-clickable=\"\/our-products\/traditional-brushes\/\" data-column-clickable-blank=\"_self\" data-id=\"03ccb7d\" data-element_type=\"column\" data-settings=\"{&quot;background_background&quot;:&quot;classic&quot;}\">\n\t\t\t<div class=\"elementor-widget-wrap elementor-element-populated\">\n\t\t\t\t\t<div class=\"elementor-background-overlay\"><\/div>\n\t\t\t\t\t\t<div class=\"elementor-element elementor-element-c82d7b7 elementor-widget elementor-widget-heading\" data-id=\"c82d7b7\" data-element_type=\"widget\" data-widget_type=\"heading.default\">\n\t\t\t\t<div class=\"elementor-widget-container\">\n\t\t\t<h5 class=\"elementor-heading-title elementor-size-default\">Polyethylen B\u00fcrsten<\/h5>\t\t<\/div>\n\t\t\t\t<\/div>\n\t\t\t\t\t<\/div>\n\t\t<\/div>\n\t\t\t\t<div class=\"make-column-clickable-elementor elementor-column elementor-col-25 elementor-inner-column elementor-element elementor-element-0aa96b8 related-prod-item\" style=\"cursor: pointer;\" data-column-clickable=\"\/our-products\/drying-strips\/\" data-column-clickable-blank=\"_self\" data-id=\"0aa96b8\" data-element_type=\"column\" data-settings=\"{&quot;background_background&quot;:&quot;classic&quot;}\">\n\t\t\t<div class=\"elementor-widget-wrap elementor-element-populated\">\n\t\t\t\t\t<div class=\"elementor-background-overlay\"><\/div>\n\t\t\t\t\t\t<div class=\"elementor-element elementor-element-0f6f2b9 elementor-widget elementor-widget-heading\" data-id=\"0f6f2b9\" data-element_type=\"widget\" data-widget_type=\"heading.default\">\n\t\t\t\t<div class=\"elementor-widget-container\">\n\t\t\t<h5 class=\"elementor-heading-title elementor-size-default\">Trocknungsb\u00e4nder<\/h5>\t\t<\/div>\n\t\t\t\t<\/div>\n\t\t\t\t\t<\/div>\n\t\t<\/div>\n\t\t\t\t<div class=\"make-column-clickable-elementor elementor-column elementor-col-25 elementor-inner-column elementor-element elementor-element-61b1049 related-prod-item\" style=\"cursor: pointer;\" data-column-clickable=\"\/our-products\/mixte-brushes\/\" data-column-clickable-blank=\"_self\" data-id=\"61b1049\" data-element_type=\"column\" data-settings=\"{&quot;background_background&quot;:&quot;classic&quot;}\">\n\t\t\t<div class=\"elementor-widget-wrap elementor-element-populated\">\n\t\t\t\t\t<div class=\"elementor-background-overlay\"><\/div>\n\t\t\t\t\t\t<div class=\"elementor-element elementor-element-2936057 elementor-widget elementor-widget-heading\" data-id=\"2936057\" data-element_type=\"widget\" data-widget_type=\"heading.default\">\n\t\t\t\t<div class=\"elementor-widget-container\">\n\t\t\t<h5 class=\"elementor-heading-title elementor-size-default\">Gemischte B\u00fcrsten<\/h5>\t\t<\/div>\n\t\t\t\t<\/div>\n\t\t\t\t\t<\/div>\n\t\t<\/div>\n\t\t\t\t\t<\/div>\n\t\t<\/section>\n\t\t\t\t<div class=\"elementor-element elementor-element-9487812 elementor-widget elementor-widget-heading\" data-id=\"9487812\" data-element_type=\"widget\" data-widget_type=\"heading.default\">\n\t\t\t\t<div class=\"elementor-widget-container\">\n\t\t\t<div class=\"elementor-heading-title elementor-size-default\"><a href=\"https:\/\/brushcar.com\/de\/unsere-produkte\/\">Alle Produkte Anzeigen<\/a><\/div>\t\t<\/div>\n\t\t\t\t<\/div>\n\t\t\t\t\t<\/div>\n\t\t<\/div>\n\t\t\t\t\t<\/div>\n\t\t<\/section>\n\t\t\t\t<\/div>\n\t\t","protected":false},"excerpt":{"rendered":"<p>Ein Zusammenschluss von weichen Polyethylen- und quadratischen Polyschaum-Str\u00e4ngen. Alle Vorteile beider Materialien auf einer einzigen B\u00fcrste: Ablagerungen des Polyethylens werden durch Polyschaum entfernt. Die Kombination der Weichheit von Polyschaum und der Reinigungsgenauigkeit des Polyethylens. Diese Option wird zunehmend f\u00fcr das Waschen von Nutzfahrzeugen eingesetzt. Kontaktiere Uns Verwandte Produkte Finishtex B\u00fcrsten Polyethylen B\u00fcrsten Trocknungsb\u00e4nder Gemischte B\u00fcrsten &hellip;<\/p>\n<p class=\"read-more\"> <a class=\"\" href=\"https:\/\/brushcar.com\/de\/unsere-produkte\/gemischte-buersten\/\"> <span class=\"screen-reader-text\">Gemischte B\u00fcrsten<\/span> Weiterlesen &raquo;<\/a><\/p>\n","protected":false},"author":1,"featured_media":0,"parent":380,"menu_order":0,"comment_status":"closed","ping_status":"closed","template":"","meta":{"site-sidebar-layout":"no-sidebar","site-content-layout":"page-builder","ast-global-header-display":"","ast-main-header-display":"","ast-hfb-above-header-display":"","ast-hfb-below-header-display":"","ast-hfb-mobile-header-display":"","site-post-title":"disabled","ast-breadcrumbs-content":"","ast-featured-img":"disabled","footer-sml-layout":"","theme-transparent-header-meta":"default","adv-header-id-meta":"","stick-header-meta":"","header-above-stick-meta":"","header-main-stick-meta":"","header-below-stick-meta":"","footnotes":""},"class_list":["post-384","page","type-page","status-publish","hentry"],"_links":{"self":[{"href":"https:\/\/brushcar.com\/de\/wp-json\/wp\/v2\/pages\/384","targetHints":{"allow":["GET"]}}],"collection":[{"href":"https:\/\/brushcar.com\/de\/wp-json\/wp\/v2\/pages"}],"about":[{"href":"https:\/\/brushcar.com\/de\/wp-json\/wp\/v2\/types\/page"}],"author":[{"embeddable":true,"href":"https:\/\/brushcar.com\/de\/wp-json\/wp\/v2\/users\/1"}],"replies":[{"embeddable":true,"href":"https:\/\/brushcar.com\/de\/wp-json\/wp\/v2\/comments?post=384"}],"version-history":[{"count":0,"href":"https:\/\/brushcar.com\/de\/wp-json\/wp\/v2\/pages\/384\/revisions"}],"up":[{"embeddable":true,"href":"https:\/\/brushcar.com\/de\/wp-json\/wp\/v2\/pages\/380"}],"wp:attachment":[{"href":"https:\/\/brushcar.com\/de\/wp-json\/wp\/v2\/media?parent=384"}],"curies":[{"name":"wp","href":"https:\/\/api.w.org\/{rel}","templated":true}]}}